{"id":927,"date":"2021-02-09T11:21:51","date_gmt":"2021-02-09T11:21:51","guid":{"rendered":"https:\/\/gestportable.com\/?page_id=927"},"modified":"2021-03-13T15:38:02","modified_gmt":"2021-03-13T15:38:02","slug":"dret-administratiu","status":"publish","type":"page","link":"https:\/\/gestportable.com\/?page_id=927","title":{"rendered":"Dret Administratiu"},"content":{"rendered":"\t\t<div data-elementor-type=\"wp-page\" data-elementor-id=\"927\" class=\"elementor elementor-927\" data-elementor-settings=\"[]\">\n\t\t\t\t\t\t<div class=\"elementor-inner\">\n\t\t\t\t\t\t\t<div class=\"elementor-section-wrap\">\n\t\t\t\t\t\t\t<section class=\"elementor-section elementor-top-section elementor-element elementor-element-38fa1a9 elementor-section-boxed elementor-section-height-default elementor-section-height-default\" data-id=\"38fa1a9\" data-element_type=\"section\">\n\t\t\t\t\t\t<div class=\"elementor-container elementor-column-gap-default\">\n\t\t\t\t\t\t\t<div class=\"elementor-row\">\n\t\t\t\t\t<div class=\"aux-parallax-section elementor-column elementor-col-100 elementor-top-column elementor-element elementor-element-1bc1650\" data-id=\"1bc1650\" data-element_type=\"column\">\n\t\t\t<div class=\"elementor-column-wrap elementor-element-populated\">\n\t\t\t\t\t\t\t<div class=\"elementor-widget-wrap\">\n\t\t\t\t\t\t<div class=\"elementor-element elementor-element-8e99457 elementor-widget elementor-widget-text-editor\" data-id=\"8e99457\" data-element_type=\"widget\" data-widget_type=\"text-editor.default\">\n\t\t\t\t<div class=\"elementor-widget-container\">\n\t\t\t\t\t\t\t\t<div class=\"elementor-text-editor elementor-clearfix\">\n\t\t\t\t<h2 style=\"color: white; display: none;\"><strong>Dret Administratiu &#8211; Gestportable &#8211; Advocats Sant Cugat<\/strong><\/h2>\n<h3 style=\"color: white; display: none;\"><strong>Gestportable &#8211; Dret Civil, Dret Laboral, Dret Penal, Dret Mercantil \/ Concursal, Dret Contable, Dret Administratiu. <\/strong><\/h3>\n<h2 style=\"color: white; display: none;\"><strong>Dret Administratiu &#8211; Advocats Sant Cugat &#8211; assessors legals<\/strong><\/h2>\n<p style=\"color: white; display: none;\"><strong>Aquest despatx neix durant la crisi del Covid-19 a fi de poder <strong>donar resposta<\/strong> a les noves necessitats dels nostres clients, proveint-los d\u2019un <strong>assessorament integral<\/strong> en les seg\u00fcents disciplines:<\/strong><\/p>\n<p style=\"color: white; display: none;\"><strong>Dret Administratiu &#8211; Advocats Sant Cugat &#8211; Dret fiscal, comptabilitat, dret mercantil, dret civil, serveis de gesti\u00f3 tributaria i registral, dret laboral i prevenci\u00f3 de riscos laborals.<\/strong><\/p>\n\n<h2 style=\"color: white; display: none;\"><strong>Dret Administratiu &#8211; Advocats Sant Cugat<\/strong><\/h2>\n<p style=\"color: white; display: none;\"><strong>Ajudem tan a <strong>particulars com a les empreses<\/strong> en la gesti\u00f3 de diversos <strong>assumptes jur\u00eddics i fiscals.<\/strong>\nEntenem que ens trobem en un context de dinamisme i internalitzaci\u00f3 on la digitalitzaci\u00f3 i les telecomunicacions juguen un paper clau.<\/strong><\/p>\n\n<h2 style=\"color: white; display: none;\"><strong>Dret Administratiu &#8211; Advocats Sant Cugat<\/strong><\/h2>\n<p style=\"color: white; display: none;\"><strong>Ajudem tan a <strong>particulars com a les empreses<\/strong> en la gesti\u00f3 de diversos <strong>assumptes jur\u00eddics i fiscals.<\/strong> En aquest sentit garantim un <strong>tracte directe, proper i personalitzat<\/strong> i, al mateix temps, apostem per les noves tecnologies per a <strong>gestionar els assumptes amb la m\u00e0xima efici\u00e8ncia possible<\/strong><\/strong><\/p>\n\n<h2 style=\"color: white; display: none;\"><strong>Dret Administratiu &#8211; Advocats Sant Cugat &#8211; Dret Civil<\/strong><\/h2>\n<h3 style=\"color: white; display: none;\"><strong>Dret Civil<\/strong><\/h3>\n<p style=\"color: white; display: none;\">Responsabilitat patrimonial de l\u2019administraci\u00f3.Ajudes i subvencions p\u00fabliques.\nReclamacions de quantitat.\nLitigaci\u00f3 contenciosa-administrativa.\nTramitaci\u00f3 d\u2019expedients sancionadors.\nContractaci\u00f3 p\u00fablica i tramitaci\u00f3 de llic\u00e8ncies.<\/p>\t\t\t\t\t<\/div>\n\t\t\t\t\t\t<\/div>\n\t\t\t\t<\/div>\n\t\t\t\t\t\t<\/div>\n\t\t\t\t\t<\/div>\n\t\t<\/div>\n\t\t\t\t\t\t\t\t<\/div>\n\t\t\t\t\t<\/div>\n\t\t<\/section>\n\t\t\t\t<section class=\"elementor-section elementor-top-section elementor-element elementor-element-e1501a2 elementor-section-boxed elementor-section-height-default elementor-section-height-default\" data-id=\"e1501a2\" data-element_type=\"section\">\n\t\t\t\t\t\t<div class=\"elementor-container elementor-column-gap-default\">\n\t\t\t\t\t\t\t<div class=\"elementor-row\">\n\t\t\t\t\t<div class=\"aux-parallax-section elementor-column elementor-col-25 elementor-top-column elementor-element elementor-element-ebc0c65\" data-id=\"ebc0c65\" data-element_type=\"column\">\n\t\t\t<div class=\"elementor-column-wrap\">\n\t\t\t\t\t\t\t<div class=\"elementor-widget-wrap\">\n\t\t\t\t\t\t\t\t<\/div>\n\t\t\t\t\t<\/div>\n\t\t<\/div>\n\t\t\t\t<div class=\"aux-parallax-section elementor-column elementor-col-25 elementor-top-column elementor-element elementor-element-ca54318\" data-id=\"ca54318\" data-element_type=\"column\">\n\t\t\t<div class=\"elementor-column-wrap elementor-element-populated\">\n\t\t\t\t\t\t\t<div class=\"elementor-widget-wrap\">\n\t\t\t\t\t\t<div class=\"elementor-element elementor-element-ba21ef3 elementor-widget elementor-widget-heading\" data-id=\"ba21ef3\" data-element_type=\"widget\" data-widget_type=\"heading.default\">\n\t\t\t\t<div class=\"elementor-widget-container\">\n\t\t\t<h2 class=\"elementor-heading-title elementor-size-xl\">Dret Administratiu<\/h2>\t\t<\/div>\n\t\t\t\t<\/div>\n\t\t\t\t<div class=\"elementor-element elementor-element-6386da2 elementor-widget elementor-widget-aux_modern_heading\" data-id=\"6386da2\" data-element_type=\"widget\" data-widget_type=\"aux_modern_heading.default\">\n\t\t\t\t<div class=\"elementor-widget-container\">\n\t\t\t<section class=\"aux-widget-modern-heading\">\n            <div class=\"aux-widget-inner\"><h2 class=\"aux-modern-heading-primary\"><div class=\"aux-bus2-title-divider\"><\/div><\/h2><div class=\"aux-modern-heading-divider\"><\/div><\/div>\n        <\/section>\t\t<\/div>\n\t\t\t\t<\/div>\n\t\t\t\t<div class=\"elementor-element elementor-element-0654517 elementor-widget elementor-widget-text-editor\" data-id=\"0654517\" data-element_type=\"widget\" data-widget_type=\"text-editor.default\">\n\t\t\t\t<div class=\"elementor-widget-container\">\n\t\t\t\t\t\t\t\t<div class=\"elementor-text-editor elementor-clearfix\">\n\t\t\t\t<p style=\"text-align: justify;\">Responsabilitat patrimonial de l\u2019administraci\u00f3.<\/p>\n<p style=\"text-align: justify;\">Ajudes i subvencions p\u00fabliques.<\/p>\n<p style=\"text-align: justify;\">Assist\u00e8ncia i representaci\u00f3 en procediments administratius.<\/p>\n<p style=\"text-align: justify;\">Litigaci\u00f3 contenciosa-administrativa.<\/p>\n<p style=\"text-align: justify;\">Tramitaci\u00f3 d\u2019expedients sancionadors.<\/p>\n<p style=\"text-align: justify;\">Contractaci\u00f3 p\u00fablica i tramitaci\u00f3 de llic\u00e8ncies.<\/p>\t\t\t\t\t<\/div>\n\t\t\t\t\t\t<\/div>\n\t\t\t\t<\/div>\n\t\t\t\t\t\t<\/div>\n\t\t\t\t\t<\/div>\n\t\t<\/div>\n\t\t\t\t<div class=\"aux-parallax-section elementor-column elementor-col-25 elementor-top-column elementor-element elementor-element-303f802\" data-id=\"303f802\" data-element_type=\"column\">\n\t\t\t<div class=\"elementor-column-wrap elementor-element-populated\">\n\t\t\t\t\t\t\t<div class=\"elementor-widget-wrap\">\n\t\t\t\t\t\t<div class=\"elementor-element elementor-element-bb612c5 elementor-widget elementor-widget-heading\" data-id=\"bb612c5\" data-element_type=\"widget\" data-widget_type=\"heading.default\">\n\t\t\t\t<div class=\"elementor-widget-container\">\n\t\t\t<h2 class=\"elementor-heading-title elementor-size-xl\">Demanar informaci\u00f3<\/h2>\t\t<\/div>\n\t\t\t\t<\/div>\n\t\t\t\t<div class=\"elementor-element elementor-element-616b346 elementor-widget elementor-widget-text-editor\" data-id=\"616b346\" data-element_type=\"widget\" data-widget_type=\"text-editor.default\">\n\t\t\t\t<div class=\"elementor-widget-container\">\n\t\t\t\t\t\t\t\t<div class=\"elementor-text-editor elementor-clearfix\">\n\t\t\t\t<div role=\"form\" class=\"wpcf7\" id=\"wpcf7-f56-o1\" lang=\"ca\" dir=\"ltr\">\n<div class=\"screen-reader-response\"><p role=\"status\" aria-live=\"polite\" aria-atomic=\"true\"><\/p> <ul><\/ul><\/div>\n<form action=\"\/index.php?rest_route=%2Fwp%2Fv2%2Fpages%2F927#wpcf7-f56-o1\" method=\"post\" class=\"wpcf7-form init\" novalidate=\"novalidate\" data-status=\"init\">\n<div style=\"display: none;\">\n<input type=\"hidden\" name=\"_wpcf7\" value=\"56\" \/>\n<input type=\"hidden\" name=\"_wpcf7_version\" value=\"5.5.3\" \/>\n<input type=\"hidden\" name=\"_wpcf7_locale\" value=\"ca\" \/>\n<input type=\"hidden\" name=\"_wpcf7_unit_tag\" value=\"wpcf7-f56-o1\" \/>\n<input type=\"hidden\" name=\"_wpcf7_container_post\" value=\"0\" \/>\n<input type=\"hidden\" name=\"_wpcf7_posted_data_hash\" value=\"\" \/>\n<input type=\"hidden\" name=\"_wpcf7_recaptcha_response\" value=\"\" \/>\n<\/div>\n<p><label> Nom i Cognom<br \/>\n    <span class=\"wpcf7-form-control-wrap your-name\"><input type=\"text\" name=\"your-name\" value=\"\" size=\"40\" class=\"wpcf7-form-control wpcf7-text wpcf7-validates-as-required\" aria-required=\"true\" aria-invalid=\"false\" \/><\/span> <\/label><\/p>\n<p><label> Email<br \/>\n    <span class=\"wpcf7-form-control-wrap your-email\"><input type=\"email\" name=\"your-email\" value=\"\" size=\"40\" class=\"wpcf7-form-control wpcf7-text wpcf7-email wpcf7-validates-as-required wpcf7-validates-as-email\" aria-required=\"true\" aria-invalid=\"false\" \/><\/span> <\/label><\/p>\n<p><label> Assumpte<br \/>\n    <span class=\"wpcf7-form-control-wrap your-subject\"><input type=\"text\" name=\"your-subject\" value=\"\" size=\"40\" class=\"wpcf7-form-control wpcf7-text wpcf7-validates-as-required\" aria-required=\"true\" aria-invalid=\"false\" \/><\/span> <\/label><\/p>\n<p><label> Informaci\u00f3 sobre:<br \/>\n    <span class=\"wpcf7-form-control-wrap menu-11\"><select name=\"menu-11\" class=\"wpcf7-form-control wpcf7-select\" aria-invalid=\"false\"><option value=\"Esculli una opci\u00f3\">Esculli una opci\u00f3<\/option><option value=\"Gesti\u00f3 i Dret Laboral\">Gesti\u00f3 i Dret Laboral<\/option><option value=\"Dret Civil\/Processal\">Dret Civil\/Processal<\/option><option value=\"Dret Mercantil\/Concursal\">Dret Mercantil\/Concursal<\/option><option value=\"Gesti\u00f3 i Dret Fiscal\">Gesti\u00f3 i Dret Fiscal<\/option><option value=\"Dret Administratiu\">Dret Administratiu<\/option><option value=\"Dret Penal\">Dret Penal<\/option><\/select><\/span> <\/label><\/p>\n<p><label> Missatge (opcional)<br \/>\n    <span class=\"wpcf7-form-control-wrap your-message\"><textarea name=\"your-message\" cols=\"40\" rows=\"3\" class=\"wpcf7-form-control wpcf7-textarea\" aria-invalid=\"false\"><\/textarea><\/span> <\/label><\/p>\n<p>  <span class=\"wpcf7-form-control-wrap acceptance-382\"><span class=\"wpcf7-form-control wpcf7-acceptance\"><span class=\"wpcf7-list-item\"><label><input type=\"checkbox\" name=\"acceptance-382\" value=\"1\" aria-invalid=\"false\" \/><span class=\"wpcf7-list-item-label\">He llegit i accepto la <a href=\"https:\/\/gestportable.com\/politica-de-privacitat\/\">Pol\u00edtica de Privacitat<\/a><\/span><\/label><\/span><\/span><\/span><br \/>\n<input type=\"submit\" value=\"Enviar\" class=\"wpcf7-form-control has-spinner wpcf7-submit\" \/><\/p>\n<div class=\"wpcf7-response-output\" aria-hidden=\"true\"><\/div><\/form><\/div>\t\t\t\t\t<\/div>\n\t\t\t\t\t\t<\/div>\n\t\t\t\t<\/div>\n\t\t\t\t\t\t<\/div>\n\t\t\t\t\t<\/div>\n\t\t<\/div>\n\t\t\t\t<div class=\"aux-parallax-section elementor-column elementor-col-25 elementor-top-column elementor-element elementor-element-135015d\" data-id=\"135015d\" data-element_type=\"column\">\n\t\t\t<div class=\"elementor-column-wrap\">\n\t\t\t\t\t\t\t<div class=\"elementor-widget-wrap\">\n\t\t\t\t\t\t\t\t<\/div>\n\t\t\t\t\t<\/div>\n\t\t<\/div>\n\t\t\t\t\t\t\t\t<\/div>\n\t\t\t\t\t<\/div>\n\t\t<\/section>\n\t\t\t\t\t\t<\/div>\n\t\t\t\t\t\t<\/div>\n\t\t\t\t\t<\/div>\n\t\t","protected":false},"excerpt":{"rendered":"<p>Dret Administratiu &#8211; Gestportable &#8211; Advocats Sant Cugat Gestportable &#8211; Dret Civil, Dret Laboral, Dret Penal, Dret Mercantil \/ Concursal, Dret Contable, Dret Administratiu. Dret Administratiu &#8211; Advocats Sant Cugat &#8211; assessors legals Aquest despatx neix durant la crisi del Covid-19 a fi de poder donar resposta a les noves necessitats dels nostres clients, proveint-los [&hellip;]<\/p>\n","protected":false},"author":3,"featured_media":0,"parent":0,"menu_order":0,"comment_status":"closed","ping_status":"closed","template":"","meta":[],"yoast_head":"<!-- This site is optimized with the Yoast SEO plugin v17.8 - https:\/\/yoast.com\/wordpress\/plugins\/seo\/ -->\n<title>Dret Administratiu - Gestportable - Sant Cugat del Vall\u00e8s - Assessors<\/title>\n<meta name=\"description\" content=\"Dret Administratiu-Gestportable-Ajudes, subvencions p\u00fabliques-Litigaci\u00f3 contenciosa-.Contractaci\u00f3 p\u00fablica i tramitaci\u00f3 de lic\u00e8ncies.\" \/>\n<meta name=\"robots\" content=\"index, follow, max-snippet:-1, max-image-preview:large, max-video-preview:-1\" \/>\n<link rel=\"canonical\" href=\"https:\/\/gestportable.com\/?page_id=927\" \/>\n<meta property=\"og:locale\" content=\"ca_ES\" \/>\n<meta property=\"og:type\" content=\"article\" \/>\n<meta property=\"og:title\" content=\"Dret Administratiu - Gestportable - Sant Cugat del Vall\u00e8s - Assessors\" \/>\n<meta property=\"og:description\" content=\"Dret Administratiu-Gestportable-Ajudes, subvencions p\u00fabliques-Litigaci\u00f3 contenciosa-.Contractaci\u00f3 p\u00fablica i tramitaci\u00f3 de lic\u00e8ncies.\" \/>\n<meta property=\"og:url\" content=\"https:\/\/gestportable.com\/?page_id=927\" \/>\n<meta property=\"og:site_name\" content=\"GestPortable\" \/>\n<meta property=\"article:modified_time\" content=\"2021-03-13T15:38:02+00:00\" \/>\n<meta name=\"twitter:card\" content=\"summary_large_image\" \/>\n<meta name=\"twitter:label1\" content=\"Temps estimat de lectura\" \/>\n\t<meta name=\"twitter:data1\" content=\"2 minuts\" \/>\n<script type=\"application\/ld+json\" class=\"yoast-schema-graph\">{\"@context\":\"https:\/\/schema.org\",\"@graph\":[{\"@type\":\"Organization\",\"@id\":\"https:\/\/gestportable.com\/#organization\",\"name\":\"gestportable.com\",\"url\":\"https:\/\/gestportable.com\/\",\"sameAs\":[],\"logo\":{\"@type\":\"ImageObject\",\"@id\":\"https:\/\/gestportable.com\/#logo\",\"inLanguage\":\"ca\",\"url\":\"https:\/\/gestportable.com\/wp-content\/uploads\/2021\/02\/cropped-LOGO-GESTPORTABLE-TRANSP-500.png\",\"contentUrl\":\"https:\/\/gestportable.com\/wp-content\/uploads\/2021\/02\/cropped-LOGO-GESTPORTABLE-TRANSP-500.png\",\"width\":500,\"height\":103,\"caption\":\"gestportable.com\"},\"image\":{\"@id\":\"https:\/\/gestportable.com\/#logo\"}},{\"@type\":\"WebSite\",\"@id\":\"https:\/\/gestportable.com\/#website\",\"url\":\"https:\/\/gestportable.com\/\",\"name\":\"GestPortable\",\"description\":\"Assessorament Legal Professional\",\"publisher\":{\"@id\":\"https:\/\/gestportable.com\/#organization\"},\"potentialAction\":[{\"@type\":\"SearchAction\",\"target\":{\"@type\":\"EntryPoint\",\"urlTemplate\":\"https:\/\/gestportable.com\/?s={search_term_string}\"},\"query-input\":\"required name=search_term_string\"}],\"inLanguage\":\"ca\"},{\"@type\":\"WebPage\",\"@id\":\"https:\/\/gestportable.com\/?page_id=927#webpage\",\"url\":\"https:\/\/gestportable.com\/?page_id=927\",\"name\":\"Dret Administratiu - Gestportable - Sant Cugat del Vall\\u00e8s - Assessors\",\"isPartOf\":{\"@id\":\"https:\/\/gestportable.com\/#website\"},\"datePublished\":\"2021-02-09T11:21:51+00:00\",\"dateModified\":\"2021-03-13T15:38:02+00:00\",\"description\":\"Dret Administratiu-Gestportable-Ajudes, subvencions p\\u00fabliques-Litigaci\\u00f3 contenciosa-.Contractaci\\u00f3 p\\u00fablica i tramitaci\\u00f3 de lic\\u00e8ncies.\",\"breadcrumb\":{\"@id\":\"https:\/\/gestportable.com\/?page_id=927#breadcrumb\"},\"inLanguage\":\"ca\",\"potentialAction\":[{\"@type\":\"ReadAction\",\"target\":[\"https:\/\/gestportable.com\/?page_id=927\"]}]},{\"@type\":\"BreadcrumbList\",\"@id\":\"https:\/\/gestportable.com\/?page_id=927#breadcrumb\",\"itemListElement\":[{\"@type\":\"ListItem\",\"position\":1,\"name\":\"Portada\",\"item\":\"https:\/\/gestportable.com\/\"},{\"@type\":\"ListItem\",\"position\":2,\"name\":\"Dret Administratiu\"}]}]}<\/script>\n<!-- \/ Yoast SEO plugin. -->","yoast_head_json":{"title":"Dret Administratiu - Gestportable - Sant Cugat del Vall\u00e8s - Assessors","description":"Dret Administratiu-Gestportable-Ajudes, subvencions p\u00fabliques-Litigaci\u00f3 contenciosa-.Contractaci\u00f3 p\u00fablica i tramitaci\u00f3 de lic\u00e8ncies.","robots":{"index":"index","follow":"follow","max-snippet":"max-snippet:-1","max-image-preview":"max-image-preview:large","max-video-preview":"max-video-preview:-1"},"canonical":"https:\/\/gestportable.com\/?page_id=927","og_locale":"ca_ES","og_type":"article","og_title":"Dret Administratiu - Gestportable - Sant Cugat del Vall\u00e8s - Assessors","og_description":"Dret Administratiu-Gestportable-Ajudes, subvencions p\u00fabliques-Litigaci\u00f3 contenciosa-.Contractaci\u00f3 p\u00fablica i tramitaci\u00f3 de lic\u00e8ncies.","og_url":"https:\/\/gestportable.com\/?page_id=927","og_site_name":"GestPortable","article_modified_time":"2021-03-13T15:38:02+00:00","twitter_card":"summary_large_image","twitter_misc":{"Temps estimat de lectura":"2 minuts"},"schema":{"@context":"https:\/\/schema.org","@graph":[{"@type":"Organization","@id":"https:\/\/gestportable.com\/#organization","name":"gestportable.com","url":"https:\/\/gestportable.com\/","sameAs":[],"logo":{"@type":"ImageObject","@id":"https:\/\/gestportable.com\/#logo","inLanguage":"ca","url":"https:\/\/gestportable.com\/wp-content\/uploads\/2021\/02\/cropped-LOGO-GESTPORTABLE-TRANSP-500.png","contentUrl":"https:\/\/gestportable.com\/wp-content\/uploads\/2021\/02\/cropped-LOGO-GESTPORTABLE-TRANSP-500.png","width":500,"height":103,"caption":"gestportable.com"},"image":{"@id":"https:\/\/gestportable.com\/#logo"}},{"@type":"WebSite","@id":"https:\/\/gestportable.com\/#website","url":"https:\/\/gestportable.com\/","name":"GestPortable","description":"Assessorament Legal Professional","publisher":{"@id":"https:\/\/gestportable.com\/#organization"},"potentialAction":[{"@type":"SearchAction","target":{"@type":"EntryPoint","urlTemplate":"https:\/\/gestportable.com\/?s={search_term_string}"},"query-input":"required name=search_term_string"}],"inLanguage":"ca"},{"@type":"WebPage","@id":"https:\/\/gestportable.com\/?page_id=927#webpage","url":"https:\/\/gestportable.com\/?page_id=927","name":"Dret Administratiu - Gestportable - Sant Cugat del Vall\u00e8s - Assessors","isPartOf":{"@id":"https:\/\/gestportable.com\/#website"},"datePublished":"2021-02-09T11:21:51+00:00","dateModified":"2021-03-13T15:38:02+00:00","description":"Dret Administratiu-Gestportable-Ajudes, subvencions p\u00fabliques-Litigaci\u00f3 contenciosa-.Contractaci\u00f3 p\u00fablica i tramitaci\u00f3 de lic\u00e8ncies.","breadcrumb":{"@id":"https:\/\/gestportable.com\/?page_id=927#breadcrumb"},"inLanguage":"ca","potentialAction":[{"@type":"ReadAction","target":["https:\/\/gestportable.com\/?page_id=927"]}]},{"@type":"BreadcrumbList","@id":"https:\/\/gestportable.com\/?page_id=927#breadcrumb","itemListElement":[{"@type":"ListItem","position":1,"name":"Portada","item":"https:\/\/gestportable.com\/"},{"@type":"ListItem","position":2,"name":"Dret Administratiu"}]}]}},"_links":{"self":[{"href":"https:\/\/gestportable.com\/index.php?rest_route=\/wp\/v2\/pages\/927"}],"collection":[{"href":"https:\/\/gestportable.com\/index.php?rest_route=\/wp\/v2\/pages"}],"about":[{"href":"https:\/\/gestportable.com\/index.php?rest_route=\/wp\/v2\/types\/page"}],"author":[{"embeddable":true,"href":"https:\/\/gestportable.com\/index.php?rest_route=\/wp\/v2\/users\/3"}],"replies":[{"embeddable":true,"href":"https:\/\/gestportable.com\/index.php?rest_route=%2Fwp%2Fv2%2Fcomments&post=927"}],"version-history":[{"count":47,"href":"https:\/\/gestportable.com\/index.php?rest_route=\/wp\/v2\/pages\/927\/revisions"}],"predecessor-version":[{"id":2799,"href":"https:\/\/gestportable.com\/index.php?rest_route=\/wp\/v2\/pages\/927\/revisions\/2799"}],"wp:attachment":[{"href":"https:\/\/gestportable.com\/index.php?rest_route=%2Fwp%2Fv2%2Fmedia&parent=927"}],"curies":[{"name":"wp","href":"https:\/\/api.w.org\/{rel}","templated":true}]}}