{"id":541,"date":"2021-02-05T16:07:04","date_gmt":"2021-02-05T16:07:04","guid":{"rendered":"https:\/\/gestportable.com\/?page_id=541"},"modified":"2021-07-26T09:26:23","modified_gmt":"2021-07-26T09:26:23","slug":"dret-laboral","status":"publish","type":"page","link":"https:\/\/gestportable.com\/?page_id=541","title":{"rendered":"Gesti\u00f3 i Dret Laboral"},"content":{"rendered":"\t\t<div data-elementor-type=\"wp-page\" data-elementor-id=\"541\" class=\"elementor elementor-541\" data-elementor-settings=\"[]\">\n\t\t\t\t\t\t<div class=\"elementor-inner\">\n\t\t\t\t\t\t\t<div class=\"elementor-section-wrap\">\n\t\t\t\t\t\t\t<section class=\"elementor-section elementor-top-section elementor-element elementor-element-862494d elementor-section-boxed elementor-section-height-default elementor-section-height-default\" data-id=\"862494d\" data-element_type=\"section\">\n\t\t\t\t\t\t<div class=\"elementor-container elementor-column-gap-default\">\n\t\t\t\t\t\t\t<div class=\"elementor-row\">\n\t\t\t\t\t<div class=\"aux-parallax-section elementor-column elementor-col-100 elementor-top-column elementor-element elementor-element-43b6103\" data-id=\"43b6103\" data-element_type=\"column\">\n\t\t\t<div class=\"elementor-column-wrap elementor-element-populated\">\n\t\t\t\t\t\t\t<div class=\"elementor-widget-wrap\">\n\t\t\t\t\t\t<div class=\"elementor-element elementor-element-af06e4c elementor-widget elementor-widget-text-editor\" data-id=\"af06e4c\" data-element_type=\"widget\" data-widget_type=\"text-editor.default\">\n\t\t\t\t<div class=\"elementor-widget-container\">\n\t\t\t\t\t\t\t\t<div class=\"elementor-text-editor elementor-clearfix\">\n\t\t\t\t<h2 style=\"color: white; display: none;\"><strong>Dret Laboral &#8211; Gestportable &#8211; Advocats Sant Cugat<\/strong><\/h2><h3 style=\"color: white; display: none;\"><strong>Gestportable &#8211; Dret Civil, Dret Laboral, Dret Penal, Dret Mercantil \/ Concursal, Dret Contable, Dret Administratiu. <\/strong><\/h3><h2 style=\"color: white; display: none;\"><strong>Dret Laboral &#8211; Advocats Sant Cugat &#8211; assessors legals<\/strong><\/h2><p style=\"color: white; display: none;\"><strong>Aquest despatx neix durant la crisi del Covid-19 a fi de poder <strong>donar resposta<\/strong> a les noves necessitats dels nostres clients, proveint-los d\u2019un <strong>assessorament integral<\/strong> en les seg\u00fcents disciplines:<\/strong><\/p><p style=\"color: white; display: none;\"><strong>Dret Laboralu &#8211; Advocats Sant Cugat &#8211; Dret fiscal, comptabilitat, dret mercantil, dret civil, serveis de gesti\u00f3 tributaria i registral, dret laboral i prevenci\u00f3 de riscos laborals.<\/strong><\/p><h2 style=\"color: white; display: none;\"><strong>Dret Laboral &#8211; Advocats Sant Cugat<\/strong><\/h2><p style=\"color: white; display: none;\"><strong>Ajudem tan a <strong>particulars com a les empreses<\/strong> en la gesti\u00f3 de diversos <strong>assumptes jur\u00eddics i fiscals.<\/strong><br \/>Entenem que ens trobem en un context de dinamisme i internalitzaci\u00f3 on la digitalitzaci\u00f3 i les telecomunicacions juguen un paper clau.<\/strong><\/p><h2 style=\"color: white; display: none;\"><strong>Dret Laboral &#8211; Advocats Sant Cugat<\/strong><\/h2><p style=\"color: white; display: none;\"><strong>Ajudem tan a <strong>particulars com a les empreses<\/strong> en la gesti\u00f3 de diversos <strong>assumptes jur\u00eddics i fiscals.<\/strong> En aquest sentit garantim un <strong>tracte directe, proper i personalitzat<\/strong> i, al mateix temps, apostem per les noves tecnologies per a <strong>gestionar els assumptes amb la m\u00e0xima efici\u00e8ncia possible<\/strong><\/strong><\/p><h2 style=\"color: white; display: none;\"><strong>Dret Laboral &#8211; Advocats Sant Cugat &#8211; Dret Civil<\/strong><\/h2><h3 style=\"color: white; display: none;\"><strong>Dret Civil<\/strong><\/h3><p style=\"color: white; display: none;\">Assessorament a empreses i aut\u00f2noms.<br \/>N\u00f2mines i contractes laborals.<br \/>Contractaci\u00f3 laboral, altes, baixes, modificacions a la<br \/>Seguretat Social i cotitzacions.<br \/>Gesti\u00f3 R\u00e8gim Especial Aut\u00f2noms.<br \/>ERO\u2019s, ERTO\u2019s, Conflictes<br \/>Col\u00b7lectius, acomiadaments i exced\u00e8ncies.<br \/>Subvencions i bonificacions.<br \/>Impugnacions d&#8217;actes administratius en mat\u00e8ria laboral.<br \/>Prevenci\u00f3 de riscos laborals i representaci\u00f3 i assist\u00e8ncia t\u00e8cnica davant la Inspecci\u00f3 Treball.<br \/>Representaci\u00f3 i defensa davant la jurisdicci\u00f3 social.<\/p>\t\t\t\t\t<\/div>\n\t\t\t\t\t\t<\/div>\n\t\t\t\t<\/div>\n\t\t\t\t\t\t<\/div>\n\t\t\t\t\t<\/div>\n\t\t<\/div>\n\t\t\t\t\t\t\t\t<\/div>\n\t\t\t\t\t<\/div>\n\t\t<\/section>\n\t\t\t\t<section class=\"elementor-section elementor-top-section elementor-element elementor-element-73983f8 elementor-section-boxed elementor-section-height-default elementor-section-height-default\" data-id=\"73983f8\" data-element_type=\"section\">\n\t\t\t\t\t\t<div class=\"elementor-container elementor-column-gap-default\">\n\t\t\t\t\t\t\t<div class=\"elementor-row\">\n\t\t\t\t\t<div class=\"aux-parallax-section elementor-column elementor-col-25 elementor-top-column elementor-element elementor-element-6788486\" data-id=\"6788486\" data-element_type=\"column\">\n\t\t\t<div class=\"elementor-column-wrap\">\n\t\t\t\t\t\t\t<div class=\"elementor-widget-wrap\">\n\t\t\t\t\t\t\t\t<\/div>\n\t\t\t\t\t<\/div>\n\t\t<\/div>\n\t\t\t\t<div class=\"aux-parallax-section elementor-column elementor-col-25 elementor-top-column elementor-element elementor-element-0af2c63\" data-id=\"0af2c63\" data-element_type=\"column\">\n\t\t\t<div class=\"elementor-column-wrap elementor-element-populated\">\n\t\t\t\t\t\t\t<div class=\"elementor-widget-wrap\">\n\t\t\t\t\t\t<div class=\"elementor-element elementor-element-ba21ef3 elementor-widget elementor-widget-heading\" data-id=\"ba21ef3\" data-element_type=\"widget\" data-widget_type=\"heading.default\">\n\t\t\t\t<div class=\"elementor-widget-container\">\n\t\t\t<h2 class=\"elementor-heading-title elementor-size-xl\">Gesti\u00f3 i Dret Laboral<\/h2>\t\t<\/div>\n\t\t\t\t<\/div>\n\t\t\t\t<div class=\"elementor-element elementor-element-6386da2 elementor-widget elementor-widget-aux_modern_heading\" data-id=\"6386da2\" data-element_type=\"widget\" data-widget_type=\"aux_modern_heading.default\">\n\t\t\t\t<div class=\"elementor-widget-container\">\n\t\t\t<section class=\"aux-widget-modern-heading\">\n            <div class=\"aux-widget-inner\"><h2 class=\"aux-modern-heading-primary\"><div class=\"aux-bus2-title-divider\"><\/div><\/h2><div class=\"aux-modern-heading-divider\"><\/div><\/div>\n        <\/section>\t\t<\/div>\n\t\t\t\t<\/div>\n\t\t\t\t<div class=\"elementor-element elementor-element-0654517 elementor-widget elementor-widget-text-editor\" data-id=\"0654517\" data-element_type=\"widget\" data-widget_type=\"text-editor.default\">\n\t\t\t\t<div class=\"elementor-widget-container\">\n\t\t\t\t\t\t\t\t<div class=\"elementor-text-editor elementor-clearfix\">\n\t\t\t\t<p style=\"text-align: justify;\">Representaci\u00f3 i defensa davant de la jurisdicci\u00f3 social i conciliacions pr\u00e8vies.<\/p>\t\t\t\t\t<\/div>\n\t\t\t\t\t\t<\/div>\n\t\t\t\t<\/div>\n\t\t\t\t<div class=\"elementor-element elementor-element-7189816 elementor-widget elementor-widget-toggle\" data-id=\"7189816\" data-element_type=\"widget\" data-widget_type=\"toggle.default\">\n\t\t\t\t<div class=\"elementor-widget-container\">\n\t\t\t\t\t<div class=\"elementor-toggle\" role=\"tablist\">\n\t\t\t\t\t\t\t<div class=\"elementor-toggle-item\">\n\t\t\t\t\t<div id=\"elementor-tab-title-1191\" class=\"elementor-tab-title\" data-tab=\"1\" role=\"tab\" aria-controls=\"elementor-tab-content-1191\" aria-expanded=\"false\">\n\t\t\t\t\t\t\t\t\t\t\t\t<span class=\"elementor-toggle-icon elementor-toggle-icon-left\" aria-hidden=\"true\">\n\t\t\t\t\t\t\t\t\t\t\t\t\t\t\t<span class=\"elementor-toggle-icon-closed\"><i class=\"fas fa-caret-right\"><\/i><\/span>\n\t\t\t\t\t\t\t\t<span class=\"elementor-toggle-icon-opened\"><i class=\"elementor-toggle-icon-opened fas fa-caret-up\"><\/i><\/span>\n\t\t\t\t\t\t\t\t\t\t\t\t\t<\/span>\n\t\t\t\t\t\t\t\t\t\t\t\t<a href=\"\" class=\"elementor-toggle-title\">Empreses i Aut\u00f2noms<\/a>\n\t\t\t\t\t<\/div>\n\n\t\t\t\t\t<div id=\"elementor-tab-content-1191\" class=\"elementor-tab-content elementor-clearfix\" data-tab=\"1\" role=\"tabpanel\" aria-labelledby=\"elementor-tab-title-1191\"><p style=\"text-align: justify;\">Confecci\u00f3 de n\u00f2mines i contractes laborals.<\/p>\n<p style=\"text-align: justify;\">Altes, baixes, modificacions de condicions individuals.<\/p>\n<p style=\"text-align: justify;\">Seguretat social i cotitzacions.<\/p>\n<p style=\"text-align: justify;\">Gesti\u00f3 r\u00e8gim especial aut\u00f2noms.<\/p>\n<p style=\"text-align: justify;\">Ero\u2019s, erto\u2019s d\u2019extinci\u00f3 i modificacions col\u00b7lectives.<\/p>\n<p style=\"text-align: justify;\">Conflictes col\u00b7lectius.<\/p>\n<p style=\"text-align: justify;\">Subvencions, bonificacions i ajudes.<\/p>\n<p style=\"text-align: justify;\">Prevenci\u00f3 de riscos laborals.<\/p>\n<p style=\"text-align: justify;\">Representaci\u00f3 i assist\u00e8ncia t\u00e8cnica davant inspecci\u00f3 de treball.<\/p>\n<p style=\"text-align: justify;\">Impugnaci\u00f3 d\u2019actes administratius en mat\u00e8ria laboral.<\/p>\n<p style=\"text-align: justify;\">Assessorament en calendaris laborals i registre de jornades.<\/p>\n<p style=\"text-align: justify;\">R\u00e8gim sancionador.\u00b7<\/p><\/div>\n\t\t\t\t<\/div>\n\t\t\t\t\t\t\t<div class=\"elementor-toggle-item\">\n\t\t\t\t\t<div id=\"elementor-tab-title-1192\" class=\"elementor-tab-title\" data-tab=\"2\" role=\"tab\" aria-controls=\"elementor-tab-content-1192\" aria-expanded=\"false\">\n\t\t\t\t\t\t\t\t\t\t\t\t<span class=\"elementor-toggle-icon elementor-toggle-icon-left\" aria-hidden=\"true\">\n\t\t\t\t\t\t\t\t\t\t\t\t\t\t\t<span class=\"elementor-toggle-icon-closed\"><i class=\"fas fa-caret-right\"><\/i><\/span>\n\t\t\t\t\t\t\t\t<span class=\"elementor-toggle-icon-opened\"><i class=\"elementor-toggle-icon-opened fas fa-caret-up\"><\/i><\/span>\n\t\t\t\t\t\t\t\t\t\t\t\t\t<\/span>\n\t\t\t\t\t\t\t\t\t\t\t\t<a href=\"\" class=\"elementor-toggle-title\">Treballadors i Particulars<\/a>\n\t\t\t\t\t<\/div>\n\n\t\t\t\t\t<div id=\"elementor-tab-content-1192\" class=\"elementor-tab-content elementor-clearfix\" data-tab=\"2\" role=\"tabpanel\" aria-labelledby=\"elementor-tab-title-1192\"><p style=\"text-align: justify;\">Sol\u00b7licituds i tramitaci\u00f3 d\u2019incapacitats permanents en tots els graus.<\/p>\n<p style=\"text-align: justify;\">Reclamacions denegacions incapacitats.<\/p>\n<p style=\"text-align: justify;\">Sol\u00b7licituds de tota mena de prestacions.<\/p>\n<p style=\"text-align: justify;\">Defensa accidents de treball, rec\u00e0rrec de prestacions i reclamacions judicials.<\/p>\n<p style=\"text-align: justify;\">Gestions davant administraci\u00f3 laboral estatal i auton\u00f2mica.<\/p>\n<p style=\"text-align: justify;\">\n<\/p><\/div>\n\t\t\t\t<\/div>\n\t\t\t\t\t\t\t\t<\/div>\n\t\t\t\t<\/div>\n\t\t\t\t<\/div>\n\t\t\t\t<div class=\"elementor-element elementor-element-4ae44dc elementor-widget elementor-widget-spacer\" data-id=\"4ae44dc\" data-element_type=\"widget\" data-widget_type=\"spacer.default\">\n\t\t\t\t<div class=\"elementor-widget-container\">\n\t\t\t\t\t<div class=\"elementor-spacer\">\n\t\t\t<div class=\"elementor-spacer-inner\"><\/div>\n\t\t<\/div>\n\t\t\t\t<\/div>\n\t\t\t\t<\/div>\n\t\t\t\t\t\t<\/div>\n\t\t\t\t\t<\/div>\n\t\t<\/div>\n\t\t\t\t<div class=\"aux-parallax-section elementor-column elementor-col-25 elementor-top-column elementor-element elementor-element-c98bed4\" data-id=\"c98bed4\" data-element_type=\"column\">\n\t\t\t<div class=\"elementor-column-wrap elementor-element-populated\">\n\t\t\t\t\t\t\t<div class=\"elementor-widget-wrap\">\n\t\t\t\t\t\t<div class=\"elementor-element elementor-element-bb612c5 elementor-widget elementor-widget-heading\" data-id=\"bb612c5\" data-element_type=\"widget\" data-widget_type=\"heading.default\">\n\t\t\t\t<div class=\"elementor-widget-container\">\n\t\t\t<h2 class=\"elementor-heading-title elementor-size-xl\">Demanar informaci\u00f3<\/h2>\t\t<\/div>\n\t\t\t\t<\/div>\n\t\t\t\t<div class=\"elementor-element elementor-element-616b346 elementor-widget elementor-widget-text-editor\" data-id=\"616b346\" data-element_type=\"widget\" data-widget_type=\"text-editor.default\">\n\t\t\t\t<div class=\"elementor-widget-container\">\n\t\t\t\t\t\t\t\t<div class=\"elementor-text-editor elementor-clearfix\">\n\t\t\t\t<div role=\"form\" class=\"wpcf7\" id=\"wpcf7-f56-o1\" lang=\"ca\" dir=\"ltr\">\n<div class=\"screen-reader-response\"><p role=\"status\" aria-live=\"polite\" aria-atomic=\"true\"><\/p> <ul><\/ul><\/div>\n<form action=\"\/index.php?rest_route=%2Fwp%2Fv2%2Fpages%2F541#wpcf7-f56-o1\" method=\"post\" class=\"wpcf7-form init\" novalidate=\"novalidate\" data-status=\"init\">\n<div style=\"display: none;\">\n<input type=\"hidden\" name=\"_wpcf7\" value=\"56\" \/>\n<input type=\"hidden\" name=\"_wpcf7_version\" value=\"5.5.3\" \/>\n<input type=\"hidden\" name=\"_wpcf7_locale\" value=\"ca\" \/>\n<input type=\"hidden\" name=\"_wpcf7_unit_tag\" value=\"wpcf7-f56-o1\" \/>\n<input type=\"hidden\" name=\"_wpcf7_container_post\" value=\"0\" \/>\n<input type=\"hidden\" name=\"_wpcf7_posted_data_hash\" value=\"\" \/>\n<input type=\"hidden\" name=\"_wpcf7_recaptcha_response\" value=\"\" \/>\n<\/div>\n<p><label> Nom i Cognom<br \/>\n    <span class=\"wpcf7-form-control-wrap your-name\"><input type=\"text\" name=\"your-name\" value=\"\" size=\"40\" class=\"wpcf7-form-control wpcf7-text wpcf7-validates-as-required\" aria-required=\"true\" aria-invalid=\"false\" \/><\/span> <\/label><\/p>\n<p><label> Email<br \/>\n    <span class=\"wpcf7-form-control-wrap your-email\"><input type=\"email\" name=\"your-email\" value=\"\" size=\"40\" class=\"wpcf7-form-control wpcf7-text wpcf7-email wpcf7-validates-as-required wpcf7-validates-as-email\" aria-required=\"true\" aria-invalid=\"false\" \/><\/span> <\/label><\/p>\n<p><label> Assumpte<br \/>\n    <span class=\"wpcf7-form-control-wrap your-subject\"><input type=\"text\" name=\"your-subject\" value=\"\" size=\"40\" class=\"wpcf7-form-control wpcf7-text wpcf7-validates-as-required\" aria-required=\"true\" aria-invalid=\"false\" \/><\/span> <\/label><\/p>\n<p><label> Informaci\u00f3 sobre:<br \/>\n    <span class=\"wpcf7-form-control-wrap menu-11\"><select name=\"menu-11\" class=\"wpcf7-form-control wpcf7-select\" aria-invalid=\"false\"><option value=\"Esculli una opci\u00f3\">Esculli una opci\u00f3<\/option><option value=\"Gesti\u00f3 i Dret Laboral\">Gesti\u00f3 i Dret Laboral<\/option><option value=\"Dret Civil\/Processal\">Dret Civil\/Processal<\/option><option value=\"Dret Mercantil\/Concursal\">Dret Mercantil\/Concursal<\/option><option value=\"Gesti\u00f3 i Dret Fiscal\">Gesti\u00f3 i Dret Fiscal<\/option><option value=\"Dret Administratiu\">Dret Administratiu<\/option><option value=\"Dret Penal\">Dret Penal<\/option><\/select><\/span> <\/label><\/p>\n<p><label> Missatge (opcional)<br \/>\n    <span class=\"wpcf7-form-control-wrap your-message\"><textarea name=\"your-message\" cols=\"40\" rows=\"3\" class=\"wpcf7-form-control wpcf7-textarea\" aria-invalid=\"false\"><\/textarea><\/span> <\/label><\/p>\n<p>  <span class=\"wpcf7-form-control-wrap acceptance-382\"><span class=\"wpcf7-form-control wpcf7-acceptance\"><span class=\"wpcf7-list-item\"><label><input type=\"checkbox\" name=\"acceptance-382\" value=\"1\" aria-invalid=\"false\" \/><span class=\"wpcf7-list-item-label\">He llegit i accepto la <a href=\"https:\/\/gestportable.com\/politica-de-privacitat\/\">Pol\u00edtica de Privacitat<\/a><\/span><\/label><\/span><\/span><\/span><br \/>\n<input type=\"submit\" value=\"Enviar\" class=\"wpcf7-form-control has-spinner wpcf7-submit\" \/><\/p>\n<div class=\"wpcf7-response-output\" aria-hidden=\"true\"><\/div><\/form><\/div>\t\t\t\t\t<\/div>\n\t\t\t\t\t\t<\/div>\n\t\t\t\t<\/div>\n\t\t\t\t\t\t<\/div>\n\t\t\t\t\t<\/div>\n\t\t<\/div>\n\t\t\t\t<div class=\"aux-parallax-section elementor-column elementor-col-25 elementor-top-column elementor-element elementor-element-0326a78\" data-id=\"0326a78\" data-element_type=\"column\">\n\t\t\t<div class=\"elementor-column-wrap\">\n\t\t\t\t\t\t\t<div class=\"elementor-widget-wrap\">\n\t\t\t\t\t\t\t\t<\/div>\n\t\t\t\t\t<\/div>\n\t\t<\/div>\n\t\t\t\t\t\t\t\t<\/div>\n\t\t\t\t\t<\/div>\n\t\t<\/section>\n\t\t\t\t<section class=\"elementor-section elementor-top-section elementor-element elementor-element-f3a85db elementor-section-boxed elementor-section-height-default elementor-section-height-default\" data-id=\"f3a85db\" data-element_type=\"section\">\n\t\t\t\t\t\t<div class=\"elementor-container elementor-column-gap-default\">\n\t\t\t\t\t\t\t<div class=\"elementor-row\">\n\t\t\t\t\t<div class=\"aux-parallax-section elementor-column elementor-col-33 elementor-top-column elementor-element elementor-element-30fdf55\" data-id=\"30fdf55\" data-element_type=\"column\">\n\t\t\t<div class=\"elementor-column-wrap\">\n\t\t\t\t\t\t\t<div class=\"elementor-widget-wrap\">\n\t\t\t\t\t\t\t\t<\/div>\n\t\t\t\t\t<\/div>\n\t\t<\/div>\n\t\t\t\t<div class=\"aux-parallax-section elementor-column elementor-col-33 elementor-top-column elementor-element elementor-element-5b55e13\" data-id=\"5b55e13\" data-element_type=\"column\">\n\t\t\t<div class=\"elementor-column-wrap\">\n\t\t\t\t\t\t\t<div class=\"elementor-widget-wrap\">\n\t\t\t\t\t\t\t\t<\/div>\n\t\t\t\t\t<\/div>\n\t\t<\/div>\n\t\t\t\t<div class=\"aux-parallax-section elementor-column elementor-col-33 elementor-top-column elementor-element elementor-element-f4769f3\" data-id=\"f4769f3\" data-element_type=\"column\">\n\t\t\t<div class=\"elementor-column-wrap\">\n\t\t\t\t\t\t\t<div class=\"elementor-widget-wrap\">\n\t\t\t\t\t\t\t\t<\/div>\n\t\t\t\t\t<\/div>\n\t\t<\/div>\n\t\t\t\t\t\t\t\t<\/div>\n\t\t\t\t\t<\/div>\n\t\t<\/section>\n\t\t\t\t\t\t<\/div>\n\t\t\t\t\t\t<\/div>\n\t\t\t\t\t<\/div>\n\t\t","protected":false},"excerpt":{"rendered":"<p>Dret Laboral &#8211; Gestportable &#8211; Advocats Sant Cugat Gestportable &#8211; Dret Civil, Dret Laboral, Dret Penal, Dret Mercantil \/ Concursal, Dret Contable, Dret Administratiu. Dret Laboral &#8211; Advocats Sant Cugat &#8211; assessors legals Aquest despatx neix durant la crisi del Covid-19 a fi de poder donar resposta a les noves necessitats dels nostres clients, proveint-los [&hellip;]<\/p>\n","protected":false},"author":3,"featured_media":0,"parent":0,"menu_order":0,"comment_status":"closed","ping_status":"closed","template":"","meta":[],"yoast_head":"<!-- This site is optimized with the Yoast SEO plugin v17.8 - https:\/\/yoast.com\/wordpress\/plugins\/seo\/ -->\n<title>Dret Laboral - Gestportable - Sant Cugat del Vall\u00e8s - Assessors<\/title>\n<meta name=\"description\" content=\"Dret Laboral-Gestportable-Assessorament a empreses i aut\u00f2noms. N\u00f2mines,contractes, modificacions a la S.S. Aut\u00f2noms. ERO\u2019s, ERTO\u2019s\" \/>\n<meta name=\"robots\" content=\"index, follow, max-snippet:-1, max-image-preview:large, max-video-preview:-1\" \/>\n<link rel=\"canonical\" href=\"https:\/\/gestportable.com\/?page_id=541\" \/>\n<meta property=\"og:locale\" content=\"ca_ES\" \/>\n<meta property=\"og:type\" content=\"article\" \/>\n<meta property=\"og:title\" content=\"Dret Laboral - Gestportable - Sant Cugat del Vall\u00e8s - Assessors\" \/>\n<meta property=\"og:description\" content=\"Dret Laboral-Gestportable-Assessorament a empreses i aut\u00f2noms. N\u00f2mines,contractes, modificacions a la S.S. Aut\u00f2noms. ERO\u2019s, ERTO\u2019s\" \/>\n<meta property=\"og:url\" content=\"https:\/\/gestportable.com\/?page_id=541\" \/>\n<meta property=\"og:site_name\" content=\"GestPortable\" \/>\n<meta property=\"article:modified_time\" content=\"2021-07-26T09:26:23+00:00\" \/>\n<meta name=\"twitter:card\" content=\"summary_large_image\" \/>\n<meta name=\"twitter:label1\" content=\"Temps estimat de lectura\" \/>\n\t<meta name=\"twitter:data1\" content=\"2 minuts\" \/>\n<script type=\"application\/ld+json\" class=\"yoast-schema-graph\">{\"@context\":\"https:\/\/schema.org\",\"@graph\":[{\"@type\":\"Organization\",\"@id\":\"https:\/\/gestportable.com\/#organization\",\"name\":\"gestportable.com\",\"url\":\"https:\/\/gestportable.com\/\",\"sameAs\":[],\"logo\":{\"@type\":\"ImageObject\",\"@id\":\"https:\/\/gestportable.com\/#logo\",\"inLanguage\":\"ca\",\"url\":\"https:\/\/gestportable.com\/wp-content\/uploads\/2021\/02\/cropped-LOGO-GESTPORTABLE-TRANSP-500.png\",\"contentUrl\":\"https:\/\/gestportable.com\/wp-content\/uploads\/2021\/02\/cropped-LOGO-GESTPORTABLE-TRANSP-500.png\",\"width\":500,\"height\":103,\"caption\":\"gestportable.com\"},\"image\":{\"@id\":\"https:\/\/gestportable.com\/#logo\"}},{\"@type\":\"WebSite\",\"@id\":\"https:\/\/gestportable.com\/#website\",\"url\":\"https:\/\/gestportable.com\/\",\"name\":\"GestPortable\",\"description\":\"Assessorament Legal Professional\",\"publisher\":{\"@id\":\"https:\/\/gestportable.com\/#organization\"},\"potentialAction\":[{\"@type\":\"SearchAction\",\"target\":{\"@type\":\"EntryPoint\",\"urlTemplate\":\"https:\/\/gestportable.com\/?s={search_term_string}\"},\"query-input\":\"required name=search_term_string\"}],\"inLanguage\":\"ca\"},{\"@type\":\"WebPage\",\"@id\":\"https:\/\/gestportable.com\/?page_id=541#webpage\",\"url\":\"https:\/\/gestportable.com\/?page_id=541\",\"name\":\"Dret Laboral - Gestportable - Sant Cugat del Vall\\u00e8s - Assessors\",\"isPartOf\":{\"@id\":\"https:\/\/gestportable.com\/#website\"},\"datePublished\":\"2021-02-05T16:07:04+00:00\",\"dateModified\":\"2021-07-26T09:26:23+00:00\",\"description\":\"Dret Laboral-Gestportable-Assessorament a empreses i aut\\u00f2noms. N\\u00f2mines,contractes, modificacions a la S.S. Aut\\u00f2noms. ERO\\u2019s, ERTO\\u2019s\",\"breadcrumb\":{\"@id\":\"https:\/\/gestportable.com\/?page_id=541#breadcrumb\"},\"inLanguage\":\"ca\",\"potentialAction\":[{\"@type\":\"ReadAction\",\"target\":[\"https:\/\/gestportable.com\/?page_id=541\"]}]},{\"@type\":\"BreadcrumbList\",\"@id\":\"https:\/\/gestportable.com\/?page_id=541#breadcrumb\",\"itemListElement\":[{\"@type\":\"ListItem\",\"position\":1,\"name\":\"Portada\",\"item\":\"https:\/\/gestportable.com\/\"},{\"@type\":\"ListItem\",\"position\":2,\"name\":\"Gesti\\u00f3 i Dret Laboral\"}]}]}<\/script>\n<!-- \/ Yoast SEO plugin. -->","yoast_head_json":{"title":"Dret Laboral - Gestportable - Sant Cugat del Vall\u00e8s - Assessors","description":"Dret Laboral-Gestportable-Assessorament a empreses i aut\u00f2noms. N\u00f2mines,contractes, modificacions a la S.S. Aut\u00f2noms. ERO\u2019s, ERTO\u2019s","robots":{"index":"index","follow":"follow","max-snippet":"max-snippet:-1","max-image-preview":"max-image-preview:large","max-video-preview":"max-video-preview:-1"},"canonical":"https:\/\/gestportable.com\/?page_id=541","og_locale":"ca_ES","og_type":"article","og_title":"Dret Laboral - Gestportable - Sant Cugat del Vall\u00e8s - Assessors","og_description":"Dret Laboral-Gestportable-Assessorament a empreses i aut\u00f2noms. N\u00f2mines,contractes, modificacions a la S.S. Aut\u00f2noms. ERO\u2019s, ERTO\u2019s","og_url":"https:\/\/gestportable.com\/?page_id=541","og_site_name":"GestPortable","article_modified_time":"2021-07-26T09:26:23+00:00","twitter_card":"summary_large_image","twitter_misc":{"Temps estimat de lectura":"2 minuts"},"schema":{"@context":"https:\/\/schema.org","@graph":[{"@type":"Organization","@id":"https:\/\/gestportable.com\/#organization","name":"gestportable.com","url":"https:\/\/gestportable.com\/","sameAs":[],"logo":{"@type":"ImageObject","@id":"https:\/\/gestportable.com\/#logo","inLanguage":"ca","url":"https:\/\/gestportable.com\/wp-content\/uploads\/2021\/02\/cropped-LOGO-GESTPORTABLE-TRANSP-500.png","contentUrl":"https:\/\/gestportable.com\/wp-content\/uploads\/2021\/02\/cropped-LOGO-GESTPORTABLE-TRANSP-500.png","width":500,"height":103,"caption":"gestportable.com"},"image":{"@id":"https:\/\/gestportable.com\/#logo"}},{"@type":"WebSite","@id":"https:\/\/gestportable.com\/#website","url":"https:\/\/gestportable.com\/","name":"GestPortable","description":"Assessorament Legal Professional","publisher":{"@id":"https:\/\/gestportable.com\/#organization"},"potentialAction":[{"@type":"SearchAction","target":{"@type":"EntryPoint","urlTemplate":"https:\/\/gestportable.com\/?s={search_term_string}"},"query-input":"required name=search_term_string"}],"inLanguage":"ca"},{"@type":"WebPage","@id":"https:\/\/gestportable.com\/?page_id=541#webpage","url":"https:\/\/gestportable.com\/?page_id=541","name":"Dret Laboral - Gestportable - Sant Cugat del Vall\u00e8s - Assessors","isPartOf":{"@id":"https:\/\/gestportable.com\/#website"},"datePublished":"2021-02-05T16:07:04+00:00","dateModified":"2021-07-26T09:26:23+00:00","description":"Dret Laboral-Gestportable-Assessorament a empreses i aut\u00f2noms. N\u00f2mines,contractes, modificacions a la S.S. Aut\u00f2noms. ERO\u2019s, ERTO\u2019s","breadcrumb":{"@id":"https:\/\/gestportable.com\/?page_id=541#breadcrumb"},"inLanguage":"ca","potentialAction":[{"@type":"ReadAction","target":["https:\/\/gestportable.com\/?page_id=541"]}]},{"@type":"BreadcrumbList","@id":"https:\/\/gestportable.com\/?page_id=541#breadcrumb","itemListElement":[{"@type":"ListItem","position":1,"name":"Portada","item":"https:\/\/gestportable.com\/"},{"@type":"ListItem","position":2,"name":"Gesti\u00f3 i Dret Laboral"}]}]}},"_links":{"self":[{"href":"https:\/\/gestportable.com\/index.php?rest_route=\/wp\/v2\/pages\/541"}],"collection":[{"href":"https:\/\/gestportable.com\/index.php?rest_route=\/wp\/v2\/pages"}],"about":[{"href":"https:\/\/gestportable.com\/index.php?rest_route=\/wp\/v2\/types\/page"}],"author":[{"embeddable":true,"href":"https:\/\/gestportable.com\/index.php?rest_route=\/wp\/v2\/users\/3"}],"replies":[{"embeddable":true,"href":"https:\/\/gestportable.com\/index.php?rest_route=%2Fwp%2Fv2%2Fcomments&post=541"}],"version-history":[{"count":111,"href":"https:\/\/gestportable.com\/index.php?rest_route=\/wp\/v2\/pages\/541\/revisions"}],"predecessor-version":[{"id":2933,"href":"https:\/\/gestportable.com\/index.php?rest_route=\/wp\/v2\/pages\/541\/revisions\/2933"}],"wp:attachment":[{"href":"https:\/\/gestportable.com\/index.php?rest_route=%2Fwp%2Fv2%2Fmedia&parent=541"}],"curies":[{"name":"wp","href":"https:\/\/api.w.org\/{rel}","templated":true}]}}