{"id":114,"date":"2018-08-10T08:09:30","date_gmt":"2018-08-10T08:09:30","guid":{"rendered":"https:\/\/gestportable.com\/services\/"},"modified":"2021-03-13T16:53:45","modified_gmt":"2021-03-13T16:53:45","slug":"serveis","status":"publish","type":"page","link":"https:\/\/gestportable.com\/?page_id=114","title":{"rendered":"\u00c0rees d&#8217;actuaci\u00f3"},"content":{"rendered":"\t\t<div data-elementor-type=\"wp-post\" data-elementor-id=\"114\" class=\"elementor elementor-114\" data-elementor-settings=\"[]\">\n\t\t\t\t\t\t<div class=\"elementor-inner\">\n\t\t\t\t\t\t\t<div class=\"elementor-section-wrap\">\n\t\t\t\t\t\t\t<section class=\"elementor-section elementor-top-section elementor-element elementor-element-76046f8 elementor-section-boxed elementor-section-height-default elementor-section-height-default\" data-id=\"76046f8\" data-element_type=\"section\">\n\t\t\t\t\t\t<div class=\"elementor-container elementor-column-gap-default\">\n\t\t\t\t\t\t\t<div class=\"elementor-row\">\n\t\t\t\t\t<div class=\"aux-parallax-section elementor-column elementor-col-100 elementor-top-column elementor-element elementor-element-7aaf85a\" data-id=\"7aaf85a\" data-element_type=\"column\">\n\t\t\t<div class=\"elementor-column-wrap elementor-element-populated\">\n\t\t\t\t\t\t\t<div class=\"elementor-widget-wrap\">\n\t\t\t\t\t\t<div class=\"elementor-element elementor-element-742b808 elementor-widget elementor-widget-text-editor\" data-id=\"742b808\" data-element_type=\"widget\" data-widget_type=\"text-editor.default\">\n\t\t\t\t<div class=\"elementor-widget-container\">\n\t\t\t\t\t\t\t\t<div class=\"elementor-text-editor elementor-clearfix\">\n\t\t\t\t<h2 style=\"color: white; display: none;\"><strong>Serveis Legals &#8211; Gestportable &#8211; Advocats Sant Cugat &#8211; assessors legals<\/strong><\/h2>\n<p style=\"color: white; display: none;\"><strong>Serveis Legals &#8211; Gestportable. Aquest despatx neix durant la crisi del Covid-19 a fi de poder <strong>donar resposta<\/strong> a les noves necessitats dels nostres clients, proveint-los d\u2019un <strong>assessorament integral<\/strong> en les seg\u00fcents disciplines:<\/strong><\/p>\n<p style=\"color: white; display: none;\"><strong>Gestportable &#8211; Serveis Legals- Advocats Sant Cugat &#8211; Dret fiscal, comptabilitat, dret mercantil, dret civil, serveis de gesti\u00f3 tributaria i registral, dret laboral i prevenci\u00f3 de riscos laborals.<\/strong><\/p>\n\n<h2 style=\"color: white; display: none;\"><strong>Els millors serveis legals &#8211; Gestportable &#8211; Advocats Sant Cugat<\/strong><\/h2>\n<p style=\"color: white; display: none;\"><strong>Ajudem tan a <strong>particulars com a les empreses<\/strong> en la gesti\u00f3 de diversos <strong>assumptes jur\u00eddics i fiscals.<\/strong>\nEntenem que ens trobem en un context de dinamisme i internalitzaci\u00f3 on la digitalitzaci\u00f3 i les telecomunicacions juguen un paper clau.<\/strong><\/p>\n\n<h2 style=\"color: white; display: none;\"><strong>Advocats Sant Cugat &#8211; Serveis legals<\/strong><\/h2>\n<p style=\"color: white; display: none;\">Per particulars com a les empreses<\/strong> en la gesti\u00f3 de diversos <strong>assumptes jur\u00eddics i fiscals.<\/strong> En aquest sentit garantim un <strong>tracte directe, proper i personalitzat<\/strong> i, al mateix temps, apostem per les noves tecnologies per a <strong>gestionar els assumptes amb la m\u00e0xima efici\u00e8ncia possible<\/strong><\/strong><\/p>\n\n<h2 style=\"color: white; display: none;\"><strong>Serveis legals &#8211; Advocats Sant Cugat &#8211; Dret Civil<\/strong><\/h2>\n<h3 style=\"color: white; display: none;\"><strong>Dret Civil<\/strong><\/h3>\n<p style=\"color: white; display: none;\">Assessorament, defensa i acusaci\u00f3 en procediments penals.\nInfraccions penals contra el patrimoni i l\u2019ordre socioecon\u00f2mic.\nDelictes societaris, responsabilitat penal d\u2019empreses i societats.\nDelictes contra la Hisenda P\u00fablica i contra la Seguretat Social\u2026).\nInfraccions en L\u2019\u00e0mbit de la propietat industrial i intel\u00b7lectual.\nDelictes relatius al mercat i consumidors.\nImprud\u00e8ncies professionals.\nDelictes contra l\u2019honor i l\u2019intimidat.\nCompliance penal.<\/p>\t\t\t\t\t<\/div>\n\t\t\t\t\t\t<\/div>\n\t\t\t\t<\/div>\n\t\t\t\t\t\t<\/div>\n\t\t\t\t\t<\/div>\n\t\t<\/div>\n\t\t\t\t\t\t\t\t<\/div>\n\t\t\t\t\t<\/div>\n\t\t<\/section>\n\t\t\t\t<section class=\"elementor-section elementor-top-section elementor-element elementor-element-3d04891 elementor-section-boxed elementor-section-height-default elementor-section-height-default\" data-id=\"3d04891\" data-element_type=\"section\">\n\t\t\t\t\t\t<div class=\"elementor-container elementor-column-gap-default\">\n\t\t\t\t\t\t\t<div class=\"elementor-row\">\n\t\t\t\t\t<div class=\"aux-parallax-section elementor-column elementor-col-33 elementor-top-column elementor-element elementor-element-ecb3bc6\" data-id=\"ecb3bc6\" data-element_type=\"column\">\n\t\t\t<div class=\"elementor-column-wrap elementor-element-populated\">\n\t\t\t\t\t\t\t<div class=\"elementor-widget-wrap\">\n\t\t\t\t\t\t<div class=\"elementor-element elementor-element-3840ba5 aux-appear-watch-animation aux-fade-in-right-2 elementor-widget elementor-widget-aux_text\" data-id=\"3840ba5\" data-element_type=\"widget\" data-widget_type=\"aux_text.default\">\n\t\t\t\t<div class=\"elementor-widget-container\">\n\t\t\t<section class=\"widget-container aux-widget-text aux-parent-auc837622a\" style=\"\" >        <div class=\"aux-widget-advanced-text aux-wrap-style-simple aux-ico-pos-top aux-text-center aux-text-resp- aux-text-color-dark aux-text-widget-bg-center  \" >\n        \n                            <div class=\"aux-text-widget-header \"  >\n                        <div class=\"aux-ico-box aux-ico-large aux-ico-shape-circle aux-ico-clear \">\n                                                            <span class=\"aux-ico auxicon auxicon-home-house-streamline\" > <\/span>\n                                                    <\/div>\n                <\/div>\n            \n            <div class=\"aux-text-inner aux-text-widget-content\">\n                                <h4 class=\"col-title\"><a href=\"https:\/\/gestportable.com\/dret-civil\/\">Dret Civil \/ Processal<\/a><\/h4>\n                                <div class=\"widget-content\">\n                                        <p>Dret immobiliari, arrendaments i propietat horitzontal, dret bancari, dret sucessori, responsabilitat civil....\u00a0<\/p>                <\/div>\n                            <\/div>\n        <\/div>\n                    <div class=\"aux-text-widget-footer\">\n                <div class=\"aux-border-shape-none \">\n                                <\/div>\n            <\/div>\n        \n<\/section><!-- widget-container -->\t\t<\/div>\n\t\t\t\t<\/div>\n\t\t\t\t\t\t<\/div>\n\t\t\t\t\t<\/div>\n\t\t<\/div>\n\t\t\t\t<div class=\"aux-parallax-section elementor-column elementor-col-33 elementor-top-column elementor-element elementor-element-a29068e\" data-id=\"a29068e\" data-element_type=\"column\">\n\t\t\t<div class=\"elementor-column-wrap elementor-element-populated\">\n\t\t\t\t\t\t\t<div class=\"elementor-widget-wrap\">\n\t\t\t\t\t\t<div class=\"elementor-element elementor-element-de57f35 aux-appear-watch-animation aux-fade-in-right-2 elementor-widget elementor-widget-aux_text\" data-id=\"de57f35\" data-element_type=\"widget\" data-widget_type=\"aux_text.default\">\n\t\t\t\t<div class=\"elementor-widget-container\">\n\t\t\t<section class=\"widget-container aux-widget-text aux-parent-auc6705e1e\" style=\"\" >        <div class=\"aux-widget-advanced-text aux-wrap-style-simple aux-ico-pos-top aux-text-center aux-text-resp- aux-text-color-dark aux-text-widget-bg-center  \" >\n        \n                            <div class=\"aux-text-widget-header \"  >\n                        <div class=\"aux-ico-box aux-ico-large aux-ico-shape-circle aux-ico-clear \">\n                                                            <span class=\"aux-ico auxicon auxicon-users-outline\" > <\/span>\n                                                    <\/div>\n                <\/div>\n            \n            <div class=\"aux-text-inner aux-text-widget-content\">\n                                <h4 class=\"col-title\"><a href=\"https:\/\/gestportable.com\/dret-laboral\/\">Gesti\u00f3 i Dret Laboral<\/a><\/h4>\n                                <div class=\"widget-content\">\n                                        <p>Assessorament a empreses i aut\u00f2noms, n\u00f2mines, subvencions, ERO's, ERTO's, defensa davant jurisdicci\u00f3 social...<\/p>                <\/div>\n                            <\/div>\n        <\/div>\n                    <div class=\"aux-text-widget-footer\">\n                <div class=\"aux-border-shape-none \">\n                                <\/div>\n            <\/div>\n        \n<\/section><!-- widget-container -->\t\t<\/div>\n\t\t\t\t<\/div>\n\t\t\t\t\t\t<\/div>\n\t\t\t\t\t<\/div>\n\t\t<\/div>\n\t\t\t\t<div class=\"aux-parallax-section elementor-column elementor-col-33 elementor-top-column elementor-element elementor-element-b79567f\" data-id=\"b79567f\" data-element_type=\"column\">\n\t\t\t<div class=\"elementor-column-wrap elementor-element-populated\">\n\t\t\t\t\t\t\t<div class=\"elementor-widget-wrap\">\n\t\t\t\t\t\t<div class=\"elementor-element elementor-element-01b7b6d aux-appear-watch-animation aux-fade-in-right-2 elementor-widget elementor-widget-aux_text\" data-id=\"01b7b6d\" data-element_type=\"widget\" data-widget_type=\"aux_text.default\">\n\t\t\t\t<div class=\"elementor-widget-container\">\n\t\t\t<section class=\"widget-container aux-widget-text aux-parent-au71758549\" style=\"\" >        <div class=\"aux-widget-advanced-text aux-wrap-style-simple aux-ico-pos-top aux-text-center aux-text-resp- aux-text-color-dark aux-text-widget-bg-center  \" >\n        \n                            <div class=\"aux-text-widget-header \"  >\n                        <div class=\"aux-ico-box aux-ico-large aux-ico-shape-circle aux-ico-clear \">\n                                                            <span class=\"aux-ico auxicon auxicon-stats-2\" > <\/span>\n                                                    <\/div>\n                <\/div>\n            \n            <div class=\"aux-text-inner aux-text-widget-content\">\n                                <h4 class=\"col-title\"><a href=\"https:\/\/gestportable.com\/dret-mercantil-concursal\/\">Dret Mercantil<br>\/ Concursal<\/a><\/h4>\n                                <div class=\"widget-content\">\n                                        <p>Constituci\u00f3, societats, documents, compliance, contractes...<\/p>                <\/div>\n                            <\/div>\n        <\/div>\n                    <div class=\"aux-text-widget-footer\">\n                <div class=\"aux-border-shape-none \">\n                                <\/div>\n            <\/div>\n        \n<\/section><!-- widget-container -->\t\t<\/div>\n\t\t\t\t<\/div>\n\t\t\t\t\t\t<\/div>\n\t\t\t\t\t<\/div>\n\t\t<\/div>\n\t\t\t\t\t\t\t\t<\/div>\n\t\t\t\t\t<\/div>\n\t\t<\/section>\n\t\t\t\t<section class=\"elementor-section elementor-top-section elementor-element elementor-element-bbe3b03 elementor-section-boxed elementor-section-height-default elementor-section-height-default\" data-id=\"bbe3b03\" data-element_type=\"section\">\n\t\t\t\t\t\t<div class=\"elementor-container elementor-column-gap-default\">\n\t\t\t\t\t\t\t<div class=\"elementor-row\">\n\t\t\t\t\t<div class=\"aux-parallax-section elementor-column elementor-col-33 elementor-top-column elementor-element elementor-element-a714f9d\" data-id=\"a714f9d\" data-element_type=\"column\">\n\t\t\t<div class=\"elementor-column-wrap elementor-element-populated\">\n\t\t\t\t\t\t\t<div class=\"elementor-widget-wrap\">\n\t\t\t\t\t\t<div class=\"elementor-element elementor-element-ceba7da aux-appear-watch-animation aux-fade-in-right-2 elementor-widget elementor-widget-aux_text\" data-id=\"ceba7da\" data-element_type=\"widget\" data-widget_type=\"aux_text.default\">\n\t\t\t\t<div class=\"elementor-widget-container\">\n\t\t\t<section class=\"widget-container aux-widget-text aux-parent-auca0061d1\" style=\"\" >        <div class=\"aux-widget-advanced-text aux-wrap-style-simple aux-ico-pos-top aux-text-center aux-text-resp- aux-text-color-dark aux-text-widget-bg-center  \" >\n        \n                            <div class=\"aux-text-widget-header \"  >\n                        <div class=\"aux-ico-box aux-ico-large aux-ico-shape-circle aux-ico-clear \">\n                                                            <span class=\"aux-ico fas fa-piggy-bank\" > <\/span>\n                                                    <\/div>\n                <\/div>\n            \n            <div class=\"aux-text-inner aux-text-widget-content\">\n                                <h4 class=\"col-title\"><a href=\"https:\/\/gestportable.com\/dret-comptable-fiscal\/\">Gesti\u00f3 i Dret Fiscal<\/a><\/h4>\n                                <div class=\"widget-content\">\n                                        <p>Comptabilitat, fiscalitat, fiscal-tributari, llibres comptables,\u00a0 aut\u00f2noms, IRPF, impugnacions...<\/p>                <\/div>\n                            <\/div>\n        <\/div>\n                    <div class=\"aux-text-widget-footer\">\n                <div class=\"aux-border-shape-none \">\n                                <\/div>\n            <\/div>\n        \n<\/section><!-- widget-container -->\t\t<\/div>\n\t\t\t\t<\/div>\n\t\t\t\t\t\t<\/div>\n\t\t\t\t\t<\/div>\n\t\t<\/div>\n\t\t\t\t<div class=\"aux-parallax-section elementor-column elementor-col-33 elementor-top-column elementor-element elementor-element-fd5c592\" data-id=\"fd5c592\" data-element_type=\"column\">\n\t\t\t<div class=\"elementor-column-wrap elementor-element-populated\">\n\t\t\t\t\t\t\t<div class=\"elementor-widget-wrap\">\n\t\t\t\t\t\t<div class=\"elementor-element elementor-element-f608b58 aux-appear-watch-animation aux-fade-in-right-2 elementor-widget elementor-widget-aux_text\" data-id=\"f608b58\" data-element_type=\"widget\" data-widget_type=\"aux_text.default\">\n\t\t\t\t<div class=\"elementor-widget-container\">\n\t\t\t<section class=\"widget-container aux-widget-text aux-parent-au756642c5\" style=\"\" >        <div class=\"aux-widget-advanced-text aux-wrap-style-simple aux-ico-pos-top aux-text-center aux-text-resp- aux-text-color-dark aux-text-widget-bg-center  \" >\n        \n                            <div class=\"aux-text-widget-header \"  >\n                        <div class=\"aux-ico-box aux-ico-large aux-ico-shape-circle aux-ico-clear \">\n                                                            <span class=\"aux-ico fas fa-briefcase\" > <\/span>\n                                                    <\/div>\n                <\/div>\n            \n            <div class=\"aux-text-inner aux-text-widget-content\">\n                                <h4 class=\"col-title\"><a href=\"https:\/\/gestportable.com\/dret-administratiu\/\">Dret Administratiu<\/a><\/h4>\n                                <div class=\"widget-content\">\n                                        Responsabilitat patrimonial, ajudes p\u00fabliques, reclamacions,\nlitigaci\u00f3 contenciosa-administrativa.\n                <\/div>\n                            <\/div>\n        <\/div>\n                    <div class=\"aux-text-widget-footer\">\n                <div class=\"aux-border-shape-none \">\n                                <\/div>\n            <\/div>\n        \n<\/section><!-- widget-container -->\t\t<\/div>\n\t\t\t\t<\/div>\n\t\t\t\t\t\t<\/div>\n\t\t\t\t\t<\/div>\n\t\t<\/div>\n\t\t\t\t<div class=\"aux-parallax-section elementor-column elementor-col-33 elementor-top-column elementor-element elementor-element-cf4e138\" data-id=\"cf4e138\" data-element_type=\"column\">\n\t\t\t<div class=\"elementor-column-wrap elementor-element-populated\">\n\t\t\t\t\t\t\t<div class=\"elementor-widget-wrap\">\n\t\t\t\t\t\t<div class=\"elementor-element elementor-element-1f3bae4 aux-appear-watch-animation aux-fade-in-right-2 elementor-widget elementor-widget-aux_text\" data-id=\"1f3bae4\" data-element_type=\"widget\" data-widget_type=\"aux_text.default\">\n\t\t\t\t<div class=\"elementor-widget-container\">\n\t\t\t<section class=\"widget-container aux-widget-text aux-parent-au0fbbe569\" style=\"\" >        <div class=\"aux-widget-advanced-text aux-wrap-style-simple aux-ico-pos-top aux-text-center aux-text-resp- aux-text-color-dark aux-text-widget-bg-center  \" >\n        \n                            <div class=\"aux-text-widget-header \"  >\n                        <div class=\"aux-ico-box aux-ico-large aux-ico-shape-circle aux-ico-clear \">\n                                                            <span class=\"aux-ico auxicon auxicon-bank\" > <\/span>\n                                                    <\/div>\n                <\/div>\n            \n            <div class=\"aux-text-inner aux-text-widget-content\">\n                                <h4 class=\"col-title\"><a href=\"https:\/\/gestportable.com\/dret-penal\/\">Dret Penal<\/a><\/h4>\n                                <div class=\"widget-content\">\n                                        <p>Assessorament, defensa i acusaci\u00f3, infraccions, delictes societaris, imprud\u00e8ncies professionals...<\/p>                <\/div>\n                            <\/div>\n        <\/div>\n                    <div class=\"aux-text-widget-footer\">\n                <div class=\"aux-border-shape-none \">\n                                <\/div>\n            <\/div>\n        \n<\/section><!-- widget-container -->\t\t<\/div>\n\t\t\t\t<\/div>\n\t\t\t\t\t\t<\/div>\n\t\t\t\t\t<\/div>\n\t\t<\/div>\n\t\t\t\t\t\t\t\t<\/div>\n\t\t\t\t\t<\/div>\n\t\t<\/section>\n\t\t\t\t\t\t<\/div>\n\t\t\t\t\t\t<\/div>\n\t\t\t\t\t<\/div>\n\t\t","protected":false},"excerpt":{"rendered":"<p>Serveis Legals &#8211; Gestportable &#8211; Advocats Sant Cugat &#8211; assessors legals Serveis Legals &#8211; Gestportable. Aquest despatx neix durant la crisi del Covid-19 a fi de poder donar resposta a les noves necessitats dels nostres clients, proveint-los d\u2019un assessorament integral en les seg\u00fcents disciplines: Gestportable &#8211; Serveis Legals- Advocats Sant Cugat &#8211; Dret fiscal, comptabilitat, [&hellip;]<\/p>\n","protected":false},"author":3,"featured_media":0,"parent":0,"menu_order":0,"comment_status":"closed","ping_status":"closed","template":"","meta":[],"yoast_head":"<!-- This site is optimized with the Yoast SEO plugin v17.8 - https:\/\/yoast.com\/wordpress\/plugins\/seo\/ -->\n<title>Serveis Legals - Gestportable - Sant Cugat del Vall\u00e8s - Assessors<\/title>\n<meta name=\"description\" content=\"Serveis Legals - Gestportable - Sant Cugat del Vall\u00e8s - Equip multidisciplinar d&#039;advocats per el millor assessorament legal\" \/>\n<meta name=\"robots\" content=\"index, follow, max-snippet:-1, max-image-preview:large, max-video-preview:-1\" \/>\n<link rel=\"canonical\" href=\"https:\/\/gestportable.com\/?page_id=114\" \/>\n<meta property=\"og:locale\" content=\"ca_ES\" \/>\n<meta property=\"og:type\" content=\"article\" \/>\n<meta property=\"og:title\" content=\"Serveis Legals - Gestportable - Sant Cugat del Vall\u00e8s - Assessors\" \/>\n<meta property=\"og:description\" content=\"Serveis Legals - Gestportable - Sant Cugat del Vall\u00e8s - Equip multidisciplinar d&#039;advocats per el millor assessorament legal\" \/>\n<meta property=\"og:url\" content=\"https:\/\/gestportable.com\/?page_id=114\" \/>\n<meta property=\"og:site_name\" content=\"GestPortable\" \/>\n<meta property=\"article:modified_time\" content=\"2021-03-13T16:53:45+00:00\" \/>\n<meta name=\"twitter:card\" content=\"summary_large_image\" \/>\n<meta name=\"twitter:label1\" content=\"Temps estimat de lectura\" \/>\n\t<meta name=\"twitter:data1\" content=\"2 minuts\" \/>\n<script type=\"application\/ld+json\" class=\"yoast-schema-graph\">{\"@context\":\"https:\/\/schema.org\",\"@graph\":[{\"@type\":\"Organization\",\"@id\":\"https:\/\/gestportable.com\/#organization\",\"name\":\"gestportable.com\",\"url\":\"https:\/\/gestportable.com\/\",\"sameAs\":[],\"logo\":{\"@type\":\"ImageObject\",\"@id\":\"https:\/\/gestportable.com\/#logo\",\"inLanguage\":\"ca\",\"url\":\"https:\/\/gestportable.com\/wp-content\/uploads\/2021\/02\/cropped-LOGO-GESTPORTABLE-TRANSP-500.png\",\"contentUrl\":\"https:\/\/gestportable.com\/wp-content\/uploads\/2021\/02\/cropped-LOGO-GESTPORTABLE-TRANSP-500.png\",\"width\":500,\"height\":103,\"caption\":\"gestportable.com\"},\"image\":{\"@id\":\"https:\/\/gestportable.com\/#logo\"}},{\"@type\":\"WebSite\",\"@id\":\"https:\/\/gestportable.com\/#website\",\"url\":\"https:\/\/gestportable.com\/\",\"name\":\"GestPortable\",\"description\":\"Assessorament Legal Professional\",\"publisher\":{\"@id\":\"https:\/\/gestportable.com\/#organization\"},\"potentialAction\":[{\"@type\":\"SearchAction\",\"target\":{\"@type\":\"EntryPoint\",\"urlTemplate\":\"https:\/\/gestportable.com\/?s={search_term_string}\"},\"query-input\":\"required name=search_term_string\"}],\"inLanguage\":\"ca\"},{\"@type\":\"WebPage\",\"@id\":\"https:\/\/gestportable.com\/?page_id=114#webpage\",\"url\":\"https:\/\/gestportable.com\/?page_id=114\",\"name\":\"Serveis Legals - Gestportable - Sant Cugat del Vall\\u00e8s - Assessors\",\"isPartOf\":{\"@id\":\"https:\/\/gestportable.com\/#website\"},\"datePublished\":\"2018-08-10T08:09:30+00:00\",\"dateModified\":\"2021-03-13T16:53:45+00:00\",\"description\":\"Serveis Legals - Gestportable - Sant Cugat del Vall\\u00e8s - Equip multidisciplinar d'advocats per el millor assessorament legal\",\"breadcrumb\":{\"@id\":\"https:\/\/gestportable.com\/?page_id=114#breadcrumb\"},\"inLanguage\":\"ca\",\"potentialAction\":[{\"@type\":\"ReadAction\",\"target\":[\"https:\/\/gestportable.com\/?page_id=114\"]}]},{\"@type\":\"BreadcrumbList\",\"@id\":\"https:\/\/gestportable.com\/?page_id=114#breadcrumb\",\"itemListElement\":[{\"@type\":\"ListItem\",\"position\":1,\"name\":\"Portada\",\"item\":\"https:\/\/gestportable.com\/\"},{\"@type\":\"ListItem\",\"position\":2,\"name\":\"\\u00c0rees d&#8217;actuaci\\u00f3\"}]}]}<\/script>\n<!-- \/ Yoast SEO plugin. -->","yoast_head_json":{"title":"Serveis Legals - Gestportable - Sant Cugat del Vall\u00e8s - Assessors","description":"Serveis Legals - Gestportable - Sant Cugat del Vall\u00e8s - Equip multidisciplinar d'advocats per el millor assessorament legal","robots":{"index":"index","follow":"follow","max-snippet":"max-snippet:-1","max-image-preview":"max-image-preview:large","max-video-preview":"max-video-preview:-1"},"canonical":"https:\/\/gestportable.com\/?page_id=114","og_locale":"ca_ES","og_type":"article","og_title":"Serveis Legals - Gestportable - Sant Cugat del Vall\u00e8s - Assessors","og_description":"Serveis Legals - Gestportable - Sant Cugat del Vall\u00e8s - Equip multidisciplinar d'advocats per el millor assessorament legal","og_url":"https:\/\/gestportable.com\/?page_id=114","og_site_name":"GestPortable","article_modified_time":"2021-03-13T16:53:45+00:00","twitter_card":"summary_large_image","twitter_misc":{"Temps estimat de lectura":"2 minuts"},"schema":{"@context":"https:\/\/schema.org","@graph":[{"@type":"Organization","@id":"https:\/\/gestportable.com\/#organization","name":"gestportable.com","url":"https:\/\/gestportable.com\/","sameAs":[],"logo":{"@type":"ImageObject","@id":"https:\/\/gestportable.com\/#logo","inLanguage":"ca","url":"https:\/\/gestportable.com\/wp-content\/uploads\/2021\/02\/cropped-LOGO-GESTPORTABLE-TRANSP-500.png","contentUrl":"https:\/\/gestportable.com\/wp-content\/uploads\/2021\/02\/cropped-LOGO-GESTPORTABLE-TRANSP-500.png","width":500,"height":103,"caption":"gestportable.com"},"image":{"@id":"https:\/\/gestportable.com\/#logo"}},{"@type":"WebSite","@id":"https:\/\/gestportable.com\/#website","url":"https:\/\/gestportable.com\/","name":"GestPortable","description":"Assessorament Legal Professional","publisher":{"@id":"https:\/\/gestportable.com\/#organization"},"potentialAction":[{"@type":"SearchAction","target":{"@type":"EntryPoint","urlTemplate":"https:\/\/gestportable.com\/?s={search_term_string}"},"query-input":"required name=search_term_string"}],"inLanguage":"ca"},{"@type":"WebPage","@id":"https:\/\/gestportable.com\/?page_id=114#webpage","url":"https:\/\/gestportable.com\/?page_id=114","name":"Serveis Legals - Gestportable - Sant Cugat del Vall\u00e8s - Assessors","isPartOf":{"@id":"https:\/\/gestportable.com\/#website"},"datePublished":"2018-08-10T08:09:30+00:00","dateModified":"2021-03-13T16:53:45+00:00","description":"Serveis Legals - Gestportable - Sant Cugat del Vall\u00e8s - Equip multidisciplinar d'advocats per el millor assessorament legal","breadcrumb":{"@id":"https:\/\/gestportable.com\/?page_id=114#breadcrumb"},"inLanguage":"ca","potentialAction":[{"@type":"ReadAction","target":["https:\/\/gestportable.com\/?page_id=114"]}]},{"@type":"BreadcrumbList","@id":"https:\/\/gestportable.com\/?page_id=114#breadcrumb","itemListElement":[{"@type":"ListItem","position":1,"name":"Portada","item":"https:\/\/gestportable.com\/"},{"@type":"ListItem","position":2,"name":"\u00c0rees d&#8217;actuaci\u00f3"}]}]}},"_links":{"self":[{"href":"https:\/\/gestportable.com\/index.php?rest_route=\/wp\/v2\/pages\/114"}],"collection":[{"href":"https:\/\/gestportable.com\/index.php?rest_route=\/wp\/v2\/pages"}],"about":[{"href":"https:\/\/gestportable.com\/index.php?rest_route=\/wp\/v2\/types\/page"}],"author":[{"embeddable":true,"href":"https:\/\/gestportable.com\/index.php?rest_route=\/wp\/v2\/users\/3"}],"replies":[{"embeddable":true,"href":"https:\/\/gestportable.com\/index.php?rest_route=%2Fwp%2Fv2%2Fcomments&post=114"}],"version-history":[{"count":129,"href":"https:\/\/gestportable.com\/index.php?rest_route=\/wp\/v2\/pages\/114\/revisions"}],"predecessor-version":[{"id":2830,"href":"https:\/\/gestportable.com\/index.php?rest_route=\/wp\/v2\/pages\/114\/revisions\/2830"}],"wp:attachment":[{"href":"https:\/\/gestportable.com\/index.php?rest_route=%2Fwp%2Fv2%2Fmedia&parent=114"}],"curies":[{"name":"wp","href":"https:\/\/api.w.org\/{rel}","templated":true}]}}